{"id":46,"date":"2013-08-23T04:15:09","date_gmt":"2013-08-23T04:15:09","guid":{"rendered":"http:\/\/suchy-las.eu\/?page_id=46"},"modified":"2024-08-29T10:51:18","modified_gmt":"2024-08-29T10:51:18","slug":"aktualnosci","status":"publish","type":"page","link":"https:\/\/zlotnikiwies.suchylas.pl\/","title":{"rendered":"Aktualno\u015bci"},"content":{"rendered":"<div class=\"my-grid-layout\"><div class=\"listing-item\"><a class=\"title\" href=\"https:\/\/zlotnikiwies.suchylas.pl\/?p=1696\">Akcja sprz\u0105tanie Z\u0142otnik Wsi<\/a> <span class=\"date\">(5\/7\/2018)<\/span> <span class=\"excerpt-dash\">-<\/span> <span class=\"excerpt\">W sobot\u0119 21 kwietnia odby\u0142a si\u0119 coroczna akcja sprz\u0105tania Z\u0142otnik Wsi. Pogoda dopisa\u0142a, ch\u0119tnych r\u0105k do pracy jak zawsze nie brakowa\u0142o. Podzielili\u015bmy si\u0119 na dwie brygady \u2013 jedna zbiera \u015bmieci, druga przeprowadza wiosenne porz\u0105dki. Wysprz\u0105tali\u015bmy teren rekreacyjny przy stawie oraz \u0142\u0105k\u0119 z nim s\u0105siaduj\u0105c\u0105. Skosili\u015bmy traw\u0119, pozamiatali\u015bmy ulice i odkopali\u015bmy zapiaszczone kraw\u0119\u017cniki. W tym roku&hellip; <a class=\"excerpt-more\" href=\"https:\/\/zlotnikiwies.suchylas.pl\/?p=1696\">czytaj wi\u0119cej<\/a><\/span><\/div><div class=\"listing-item\"><a class=\"title\" href=\"https:\/\/zlotnikiwies.suchylas.pl\/?p=1562\">Morsy dla WO\u015aP<\/a> <span class=\"date\">(1\/24\/2018)<\/span> <span class=\"excerpt-dash\">-<\/span> <span class=\"excerpt\">Temperatura powietrza spad\u0142a do minus 2*C, a Z\u0142otnickie Morsy wraz z Morsami Pozna\u0144 wesz\u0142y do lodowatego jeziora Kierskiego. W ten spos\u00f3b Morsy w\u0142\u0105czy\u0142y si\u0119 w 26. Fina\u0142 Wielkiej Orkiestry \u015awi\u0105tecznej Pomocy. Spotkali\u015bmy si\u0119 o 10:30 nad brzegiem jeziora witaj\u0105c serdecznie wolontariuszy ze Sztabu w Suchym Lesie. Z tej wyj\u0105tkowej okazji Morsy ze Z\u0142otnik upiek\u0142y pyszne&hellip; <a class=\"excerpt-more\" href=\"https:\/\/zlotnikiwies.suchylas.pl\/?p=1562\">czytaj wi\u0119cej<\/a><\/span><\/div><div class=\"listing-item\"><a class=\"title\" href=\"https:\/\/zlotnikiwies.suchylas.pl\/?p=1547\">Miko\u0142ajkowe pomaganie przez Morsowanie<\/a> <span class=\"date\">(1\/2\/2018)<\/span> <span class=\"excerpt-dash\">-<\/span> <span class=\"excerpt\">Od pocz\u0105tku pa\u017adziernika regularnie spotykaj\u0105 si\u0119 Z\u0142otnickie Morsy wraz z Morsami Pozna\u0144, by za\u017cywa\u0107 zimnych k\u0105pieli w jeziorze Kierskim. W zwi\u0105zku z licznymi zbi\u00f3rkami pieni\u0119dzy na ratowanie zdrowia i \u017cycia Tymka ze Z\u0142otnik, pom\u00f3c postanowi\u0142y nie tylko morsy, ale i r\u00f3wnie\u017c mieszka\u0144cy Z\u0142otnik Wsi. Zorganizowali\u015bmy Miko\u0142ajkow\u0105 k\u0105piel w czasie kt\u00f3rej mo\u017cna by\u0142o zakupi\u0107 cegie\u0142k\u0119 w&hellip; <a class=\"excerpt-more\" href=\"https:\/\/zlotnikiwies.suchylas.pl\/?p=1547\">czytaj wi\u0119cej<\/a><\/span><\/div><div class=\"listing-item\"><a class=\"title\" href=\"https:\/\/zlotnikiwies.suchylas.pl\/?p=1471\">Spotkanie Miko\u0142ajkowe 2017<\/a> <span class=\"date\">(1\/2\/2018)<\/span> <span class=\"excerpt-dash\">-<\/span> <span class=\"excerpt\">W dniu 9 grudnia w oddziale przedszkolnym im. Misia Uszatka w Z\u0142otnikach odby\u0142o si\u0119 spotkanie Miko\u0142ajkowe, kt\u00f3re zgromadzi\u0142o grup\u0119 najm\u0142odszych mieszka\u0144c\u00f3w naszego so\u0142ectwa. Jak co roku naszych milusi\u0144skich czeka\u0142o wiele zabaw i atrakcji przygotowanych przez firm\u0119 animacyjn\u0105 Aqua Sport. Dzieci ochoczo bra\u0142y udzia\u0142 w zabawach i konkurencjach, kt\u00f3re przerywane s\u0142odkim pocz\u0119stunkiem zapewnia\u0142y wiele emocji podczas&hellip; <a class=\"excerpt-more\" href=\"https:\/\/zlotnikiwies.suchylas.pl\/?p=1471\">czytaj wi\u0119cej<\/a><\/span><\/div><div class=\"listing-item\"><a class=\"title\" href=\"https:\/\/zlotnikiwies.suchylas.pl\/?p=1439\">Bowling<\/a> <span class=\"date\">(12\/2\/2017)<\/span> <span class=\"excerpt-dash\">-<\/span> <span class=\"excerpt\">Listopad dla Naszego so\u0142ectwa okaza\u0142 si\u0119 by\u0107 miesi\u0105cem wzmo\u017conej integracji, bowiem pr\u00f3cz spotkania dla senior\u00f3w zorganizowali\u015bmy po raz kolejny wsp\u00f3lny wyjazd na Bowling. Integracja ta cieszy si\u0119 ogromnym zainteresowaniem mieszka\u0144c\u00f3w, a zapisy trwa\u0142y niespe\u0142na dwa dni! Centrum Tenisowe w Sobocie przywita\u0142o Nasz\u0105 grup\u0119 tu\u017c przed godzin\u0105 16:00. W tym roku do wsp\u00f3lnej zabawy postanowili\u015bmy zaprosi\u0107&hellip; <a class=\"excerpt-more\" href=\"https:\/\/zlotnikiwies.suchylas.pl\/?p=1439\">czytaj wi\u0119cej<\/a><\/span><\/div><div class=\"listing-item\"><a class=\"title\" href=\"https:\/\/zlotnikiwies.suchylas.pl\/?p=1403\">Integracja M\u0142odzie\u017cy Trzeciego Wieku<\/a> <span class=\"date\">(12\/2\/2017)<\/span> <span class=\"excerpt-dash\">-<\/span> <span class=\"excerpt\">Ju\u017c po raz kolejny z pocz\u0105tkiem listopada odby\u0142o si\u0119 spotkanie integracyjne dla M\u0142odzie\u017cy Trzeciego Wieku. Zaproszeni go\u015bcie przybyli na godzin\u0119 16:00. Po przywitaniu przez p. So\u0142tys wszyscy wsp\u00f3lnie zasiedli do sto\u0142u, by zje\u015b\u0107 pyszny gor\u0105cy posi\u0142ek przygotowany przez lokaln\u0105 firm\u0119 z Suchego Lasu. Dzi\u0119ki jednemu z senior\u00f3w p. Jackowi \u015aron, mogli\u015bmy wsp\u00f3lnie po\u015bpiewa\u0107 przy d\u017awi\u0119kach&hellip; <a class=\"excerpt-more\" href=\"https:\/\/zlotnikiwies.suchylas.pl\/?p=1403\">czytaj wi\u0119cej<\/a><\/span><\/div><div class=\"listing-item\"><a class=\"title\" href=\"https:\/\/zlotnikiwies.suchylas.pl\/?p=1397\">XIX RAJD ROWEROWY<\/a> <span class=\"date\">(10\/3\/2017)<\/span> <span class=\"excerpt-dash\">-<\/span> <span class=\"excerpt\">Dnia 1 pa\u017adziernika grupa z\u0142o\u017cona z mieszka\u0144c\u00f3w naszego so\u0142ectwa wzi\u0119\u0142a udzia\u0142 w XIX RAJDZIE ROWEROWYM im. Leszka Roszczyka \"Pieczona Pyra\". &nbsp; Trasa rajdu \u00a0jak co roku zaczyna\u0142a si\u0119 na p\u0119tli autobusowej w Suchym Lesie, nast\u0119pnie przez Z\u0142otniki, Z\u0142otkowo, Gol\u0119czewo ko\u0144cz\u0105c w Ziel\u0105tkowie przy placu zabaw. Na mecie na uczestnik\u00f3w rajdu czeka\u0142o wiele atrakcji oraz pocz\u0119stunek.&hellip; <a class=\"excerpt-more\" href=\"https:\/\/zlotnikiwies.suchylas.pl\/?p=1397\">czytaj wi\u0119cej<\/a><\/span><\/div><div class=\"listing-item\"><a class=\"title\" href=\"https:\/\/zlotnikiwies.suchylas.pl\/?p=1336\">II So\u0142ecki sp\u0142yw kajakowy &#8211; BGR Deweloper<\/a> <span class=\"date\">(7\/21\/2017)<\/span> <span class=\"excerpt-dash\">-<\/span> <span class=\"excerpt\">Na tegoroczny sp\u0142yw kajakowy wybrali\u015bmy si\u0119 w pierwsz\u0105 sobot\u0119 lipca. Udali\u015bmy si\u0119 do Jaracza by rzek\u0105 We\u0142n\u0105 sp\u0142yn\u0105\u0107 a\u017c do Obornik. Pogoda tego dnia by\u0142a dobra na kajakowanie. P\u0142yn\u0119li\u015bmy zwart\u0105 grup\u0105 ciesz\u0105c oko pi\u0119knymi okoliczno\u015bciami przyrody. Rzeka We\u0142na tym razem nie by\u0142a tak spokojna jak w ubieg\u0142ym roku. Nie oby\u0142o si\u0119 bez chwil grozy i&hellip; <a class=\"excerpt-more\" href=\"https:\/\/zlotnikiwies.suchylas.pl\/?p=1336\">czytaj wi\u0119cej<\/a><\/span><\/div><div class=\"listing-item\"><a class=\"title\" href=\"https:\/\/zlotnikiwies.suchylas.pl\/?p=1313\">So\u0142ecki gara\u017c<\/a> <span class=\"date\">(7\/21\/2017)<\/span> <span class=\"excerpt-dash\">-<\/span> <span class=\"excerpt\">Od czerwca nasze so\u0142ectwo dzier\u017cawi pomieszczenie gospodarcze od Uniwersytetu Przyrodniczego w Poznaniu. Z funduszu so\u0142eckiego zosta\u0142a zakupiona nowa brama gara\u017cowa, farba do od\u015bwie\u017cenia \u015bcian oraz papa termozgrzewalna. Dzier\u017cawa roczna pomieszczenia zosta\u0142a op\u0142acona, jak i r\u00f3wnie\u017c b\u0119dzie pokrywana z funduszu so\u0142eckiego. Remont gara\u017cu w czynie spo\u0142ecznym przeprowadzi\u0142o kilku mieszka\u0144c\u00f3w naszej wsi. Serdecznie dzi\u0119kuj\u0119 p. Marcinowi Dilc,&hellip; <a class=\"excerpt-more\" href=\"https:\/\/zlotnikiwies.suchylas.pl\/?p=1313\">czytaj wi\u0119cej<\/a><\/span><\/div><div class=\"listing-item\"><a class=\"title\" href=\"https:\/\/zlotnikiwies.suchylas.pl\/?p=1306\">Zaproszenie na sp\u0142yw kajakowy<\/a> <span class=\"date\">(6\/9\/2017)<\/span> <span class=\"excerpt-dash\">-<\/span> <span class=\"excerpt\"> <a class=\"excerpt-more\" href=\"https:\/\/zlotnikiwies.suchylas.pl\/?p=1306\">czytaj wi\u0119cej<\/a><\/span><\/div><\/div>\n<p>&nbsp;<\/p>\n<h3 class=\"post-title entry-title\"><\/h3>\n","protected":false},"excerpt":{"rendered":"<p>&nbsp;<\/p>\n","protected":false},"author":5,"featured_media":0,"parent":0,"menu_order":0,"comment_status":"open","ping_status":"open","template":"page-templates\/front-page1.php","meta":{"footnotes":""},"class_list":["post-46","page","type-page","status-publish","hentry"],"_links":{"self":[{"href":"https:\/\/zlotnikiwies.suchylas.pl\/index.php?rest_route=\/wp\/v2\/pages\/46"}],"collection":[{"href":"https:\/\/zlotnikiwies.suchylas.pl\/index.php?rest_route=\/wp\/v2\/pages"}],"about":[{"href":"https:\/\/zlotnikiwies.suchylas.pl\/index.php?rest_route=\/wp\/v2\/types\/page"}],"author":[{"embeddable":true,"href":"https:\/\/zlotnikiwies.suchylas.pl\/index.php?rest_route=\/wp\/v2\/users\/5"}],"replies":[{"embeddable":true,"href":"https:\/\/zlotnikiwies.suchylas.pl\/index.php?rest_route=%2Fwp%2Fv2%2Fcomments&post=46"}],"version-history":[{"count":42,"href":"https:\/\/zlotnikiwies.suchylas.pl\/index.php?rest_route=\/wp\/v2\/pages\/46\/revisions"}],"predecessor-version":[{"id":1775,"href":"https:\/\/zlotnikiwies.suchylas.pl\/index.php?rest_route=\/wp\/v2\/pages\/46\/revisions\/1775"}],"wp:attachment":[{"href":"https:\/\/zlotnikiwies.suchylas.pl\/index.php?rest_route=%2Fwp%2Fv2%2Fmedia&parent=46"}],"curies":[{"name":"wp","href":"https:\/\/api.w.org\/{rel}","templated":true}]}}