{"id":235,"date":"2015-05-20T17:17:28","date_gmt":"2015-05-20T17:17:28","guid":{"rendered":"http:\/\/zlotnikiwies.suchylas.pl\/?page_id=235"},"modified":"2015-05-21T18:42:24","modified_gmt":"2015-05-21T18:42:24","slug":"historia-2","status":"publish","type":"page","link":"https:\/\/zlotnikiwies.suchylas.pl\/?page_id=235","title":{"rendered":"O NAS"},"content":{"rendered":"<h1><strong><em>Z\u0141OTNIKI<\/em><\/strong><\/h1>\n<p>PO\u0141O\u017bENIE GEOGRAFICZNE:<br \/>\nZ\u0142otniki znajduj\u0105 si\u0119 w po\u0142udniowo-zachodniej cz\u0119\u015bci Gminy Suchy Las. Wed\u0142ug podzia\u0142u na regiony fizyczno-geograficzne Z\u0142otniki le\u017c\u0105 w zasi\u0119gu makroregionu Pojezierza Wielkopolskiego. Na rze\u017ab\u0119 terenu mia\u0142 wp\u0142yw l\u0105dol\u00f3d skandynawski i jego wody roztopowe. Jego oddzia\u0142ywanie wykszta\u0142ci\u0142o liczne pag\u00f3rki i wzniesienia. Wi\u0119kszo\u015b\u0107 Liczn\u0105 powierzchni\u0119 gminy to tereny pag\u00f3rkowate powy\u017cej 100m n. p. m.<\/p>\n<p>HISTORIA:<br \/>\nNiekt\u00f3rzy historycy twierdz\u0105, \u017ce nazwa tej miejscowo\u015bci ma swoje \u017ar\u00f3d\u0142o w zaj\u0119ciach jej mieszka\u0144c\u00f3w \u2013 mieli oni swego czasu trudni\u0107 si\u0119 z\u0142otnictwem.<br \/>\nZ ca\u0142\u0105 pewno\u015bci\u0105 mo\u017cna powiedzie\u0107, \u017ce Z\u0142otniki istnia\u0142y najp\u00f3\u017aniej w XVI w.(mo\u017ce znacznie wcze\u015bniej).<br \/>\nZnaleziono tu stare cmentarzysko i \u015blady grodziska z epoki kamiennej i kultury \u0142u\u017cyckiej (epoka br\u0105zu i \u017celaza). Pierwsza wzmianka pisana o Z\u0142otnikach pochodzi z 1308roku, kiedy w dokumentach wymieniany jest Krzywos\u0119dziw\u00f3j ze Z\u0142otnik jako \u015bwiadek przy zmianie d\u00f3br. Od 1580r. Z\u0142otniki by\u0142y w\u0142asno\u015bci\u0105 rodziny Kierskich i Sk\u00f3rzewskich. W 1730r. Kazimierz Zab\u0142ocki sprzeda\u0142 wraz z bra\u0107mi, odziedziczon\u0105 po rodzicach wie\u015b Z\u0142otniki, Adamowi Wedelskiemu za 28000 z\u0142otych polskich. W 1793 r. w\u0142a\u015bcicielem staje si\u0119 Franciszek Moszcze\u0144ski. Od oko\u0142o 1848r. Z\u0142otniki przesz\u0142y w r\u0119ce niemieckiej rodziny Hoffmeyer\u00f3w. W 1885r. zosta\u0142a wybudowana szko\u0142a, kt\u00f3ra by\u0142\u0105 pocz\u0105tkowo zborem ewangelickim, nast\u0119pnie poczt\u0105 i szko\u0142\u0105 r\u00f3wnocze\u015bnie. Obecnie jest to budynek mieszkalny.<\/p>\n<p><a href=\"http:\/\/zlotnikiwies.suchylas.pl\/wp-content\/uploads\/2015\/05\/szko\u0142a_www.png\"><img loading=\"lazy\" decoding=\"async\" class=\"alignnone size-medium wp-image-245\" src=\"http:\/\/zlotnikiwies.suchylas.pl\/wp-content\/uploads\/2015\/05\/szko\u0142a_www-300x225.png\" alt=\"szko\u0142a_www\" width=\"300\" height=\"225\" data-id=\"245\" srcset=\"https:\/\/zlotnikiwies.suchylas.pl\/wp-content\/uploads\/2015\/05\/szko\u0142a_www-300x225.png 300w, https:\/\/zlotnikiwies.suchylas.pl\/wp-content\/uploads\/2015\/05\/szko\u0142a_www-1024x768.png 1024w, https:\/\/zlotnikiwies.suchylas.pl\/wp-content\/uploads\/2015\/05\/szko\u0142a_www-624x468.png 624w, https:\/\/zlotnikiwies.suchylas.pl\/wp-content\/uploads\/2015\/05\/szko\u0142a_www.png 1651w\" sizes=\"(max-width: 300px) 100vw, 300px\" \/><\/a><\/p>\n<p>W 1895r. rodzina Hoffmeyer\u00f3w wybudowa\u0142a pa\u0142ac rezydencjalny. Ostatnim w\u0142a\u015bcicielem z rodziny Hoffmeyer\u00f3w by\u0142 syn Fritza \u2013 Heintz. Po roku 1945 w\u0142asno\u015b\u0107 przesz\u0142a na skarb Pa\u0144stwa i ca\u0142y maj\u0105tek by\u0142 u\u017cytkowany przez Rolniczy Zak\u0142ad Do\u015bwiadczalny Akademii Rolniczej w Poznaniu.<\/p>\n<p><a href=\"http:\/\/zlotnikiwies.suchylas.pl\/wp-content\/uploads\/2015\/05\/Pa\u0142ac_www.png\"><img loading=\"lazy\" decoding=\"async\" class=\"alignnone size-medium wp-image-246\" src=\"http:\/\/zlotnikiwies.suchylas.pl\/wp-content\/uploads\/2015\/05\/Pa\u0142ac_www-300x225.png\" alt=\"Pa\u0142ac_www\" width=\"300\" height=\"225\" data-id=\"246\" srcset=\"https:\/\/zlotnikiwies.suchylas.pl\/wp-content\/uploads\/2015\/05\/Pa\u0142ac_www-300x225.png 300w, https:\/\/zlotnikiwies.suchylas.pl\/wp-content\/uploads\/2015\/05\/Pa\u0142ac_www-1024x768.png 1024w, https:\/\/zlotnikiwies.suchylas.pl\/wp-content\/uploads\/2015\/05\/Pa\u0142ac_www-624x468.png 624w, https:\/\/zlotnikiwies.suchylas.pl\/wp-content\/uploads\/2015\/05\/Pa\u0142ac_www.png 1638w\" sizes=\"(max-width: 300px) 100vw, 300px\" \/><\/a><br \/>\nW 1990 roku Akademia Rolnicza w Poznaniu nakaza\u0142a rozbi\u00f3rk\u0119 pa\u0142acu, na co zareagowa\u0142y w\u0142adze Gminy i Wojew\u00f3dzki Konserwator Zabytk\u00f3w, udaremniaj\u0105c doko\u0144czenie zniszczenia pa\u0142acu.<br \/>\nW ostatnich latach pa\u0142ac zosta\u0142 odrestaurowany i wraz z parkiem znajduje si\u0119 w prywatnych r\u0119kach.<\/p>\n<p>&nbsp;<\/p>\n<p>Od samego pocz\u0105tku parafialnie Z\u0142otniki nale\u017ca\u0142y do Kiekrza. Dzi\u0119ki staraniom<br \/>\nks. dr hab. Edwarda Nawrota w latach 1996 -1999 zosta\u0142 wybudowany Ko\u015bci\u00f3\u0142 filialny \u015bw. Faustyny Kowalskiej dzi\u0119ki finansowej pomocy ca\u0142ej parafii. Grunty na \u015bwi\u0105tyni\u0119 w 1993 roku ofiarowa\u0142a Akademia Rolnicza w Poznaniu, kt\u00f3ra ma tutaj swoje zak\u0142ady naukowe. Dzi\u0119ki staraniom ks. dr A. Tomala z Kiekrza trafi\u0142y do Z\u0142otnik elektryczne organy z Holandii, kt\u00f3re s\u0105 w u\u017cytku po dzi\u015b dzie\u0144.<br \/>\n<a href=\"http:\/\/zlotnikiwies.suchylas.pl\/wp-content\/uploads\/2015\/05\/Ko\u015bci\u00f3\u0142_www.png\"><img loading=\"lazy\" decoding=\"async\" class=\"alignnone size-medium wp-image-247\" src=\"http:\/\/zlotnikiwies.suchylas.pl\/wp-content\/uploads\/2015\/05\/Ko\u015bci\u00f3\u0142_www-300x225.png\" alt=\"Ko\u015bci\u00f3\u0142_www\" width=\"300\" height=\"225\" data-id=\"247\" srcset=\"https:\/\/zlotnikiwies.suchylas.pl\/wp-content\/uploads\/2015\/05\/Ko\u015bci\u00f3\u0142_www-300x225.png 300w, https:\/\/zlotnikiwies.suchylas.pl\/wp-content\/uploads\/2015\/05\/Ko\u015bci\u00f3\u0142_www.png 1024w, https:\/\/zlotnikiwies.suchylas.pl\/wp-content\/uploads\/2015\/05\/Ko\u015bci\u00f3\u0142_www-624x468.png 624w\" sizes=\"(max-width: 300px) 100vw, 300px\" \/><\/a><br \/>\nW roku 1996 na polach Akademii Rolniczej rozpocz\u0119\u0142a si\u0119 budowa osiedla Grzybowego, kt\u00f3re administracyjnie podlega\u0142o pod Z\u0142otniki Wie\u015b. Z biegiem czasu okaza\u0142o si\u0119, \u017ce \u017cycie mieszka\u0144c\u00f3w Z\u0142otnik Wsi i o\u015b. Grzybowego r\u00f3\u017cni si\u0119 od siebie potrzebami i problemami.<br \/>\nW 2002 postanowiono rozdzieli\u0107 Z\u0142otniki Wie\u015b i o\u015b. Grzybowe na dwa osobne so\u0142ectwa.<\/p>\n<p>CIEKAWOSTKA:<br \/>\nMa\u0142o kto wie, \u017ce w latach 90-tych w RZD Z\u0142otniki funkcjonowa\u0142a jedyna w Wielkopolsce przetw\u00f3rnia mleka owczego i koziego. Z mleka koziego produkowano sery, a z mleka owczego sery i jogurty.<br \/>\nPoni\u017cej przedstawiamy archiwalne zdj\u0119cie pracownika RZD Z\u0142otniki przy produkcji sera.<\/p>\n<p><a href=\"http:\/\/zlotnikiwies.suchylas.pl\/wp-content\/uploads\/2015\/05\/Pracownik_www.png\"><img loading=\"lazy\" decoding=\"async\" class=\"alignnone size-medium wp-image-248\" src=\"http:\/\/zlotnikiwies.suchylas.pl\/wp-content\/uploads\/2015\/05\/Pracownik_www-300x225.png\" alt=\"Pracownik_www\" width=\"300\" height=\"225\" data-id=\"248\" srcset=\"https:\/\/zlotnikiwies.suchylas.pl\/wp-content\/uploads\/2015\/05\/Pracownik_www-300x225.png 300w, https:\/\/zlotnikiwies.suchylas.pl\/wp-content\/uploads\/2015\/05\/Pracownik_www-1024x768.png 1024w, https:\/\/zlotnikiwies.suchylas.pl\/wp-content\/uploads\/2015\/05\/Pracownik_www-624x468.png 624w, https:\/\/zlotnikiwies.suchylas.pl\/wp-content\/uploads\/2015\/05\/Pracownik_www.png 1651w\" sizes=\"(max-width: 300px) 100vw, 300px\" \/><\/a><\/p>\n<p>Jogurty produkowane by\u0142y w sze\u015bciu smakach; naturalny, ananasowy, brzoskwiniowy, truskawkowy, malinowy oraz jagodowy. Dost\u0119pne w opakowaniu szklanym (s\u0142oik) 250g kosztowa\u0142y ok. 1,4 z\u0142 w zale\u017cno\u015bci od sklepu. P\u00f3\u017aniej produkcji zaniechano.<\/p>\n<p>Z\u0141OTNIKI WIE\u015a DZI\u015a:<br \/>\nJedno z so\u0142ectw Gminy Suchy Las, kt\u00f3re zamieszkuje 328 mieszka\u0144c\u00f3w zameldowanych na sta\u0142e (dane z 2014r). Wi\u0119ksz\u0105 cz\u0119\u015b\u0107 teren\u00f3w wsi stanowi\u0105 pola uprawne, \u0142\u0105ki i poletka do\u015bwiadczalne, kt\u00f3rych w\u0142a\u015bcicielem jest Uniwersytet Przyrodniczy w Poznaniu. To dzi\u0119ki nim w ci\u0105gu roku wie\u015b staje si\u0119 wyj\u0105tkowo malownicza, przyci\u0105ga wielu amator\u00f3w fotografii oraz uleg\u0142a ma\u0142ym zmianom urbanistycznym.<\/p>\n\n\t\t<style type=\"text\/css\">\n\t\t\t#gallery-1 {\n\t\t\t\tmargin: auto;\n\t\t\t}\n\t\t\t#gallery-1 .gallery-item {\n\t\t\t\tfloat: left;\n\t\t\t\tmargin-top: 10px;\n\t\t\t\ttext-align: center;\n\t\t\t\twidth: 33%;\n\t\t\t}\n\t\t\t#gallery-1 img {\n\t\t\t\tborder: 2px solid #cfcfcf;\n\t\t\t}\n\t\t\t#gallery-1 .gallery-caption {\n\t\t\t\tmargin-left: 0;\n\t\t\t}\n\t\t\t\/* see gallery_shortcode() in wp-includes\/media.php *\/\n\t\t<\/style>\n\t\t<div id='gallery-1' class='gallery galleryid-235 gallery-columns-3 gallery-size-thumbnail'><dl class='gallery-item'>\n\t\t\t<dt class='gallery-icon landscape'>\n\t\t\t\t<a href='https:\/\/zlotnikiwies.suchylas.pl\/?attachment_id=250'><img loading=\"lazy\" decoding=\"async\" width=\"150\" height=\"150\" src=\"https:\/\/zlotnikiwies.suchylas.pl\/wp-content\/uploads\/2015\/05\/\u017buraw_www-150x150.png\" class=\"attachment-thumbnail size-thumbnail\" alt=\"\" srcset=\"https:\/\/zlotnikiwies.suchylas.pl\/wp-content\/uploads\/2015\/05\/\u017buraw_www-150x150.png 150w, https:\/\/zlotnikiwies.suchylas.pl\/wp-content\/uploads\/2015\/05\/\u017buraw_www-50x50.png 50w\" sizes=\"(max-width: 150px) 100vw, 150px\" \/><\/a>\n\t\t\t<\/dt><\/dl><dl class='gallery-item'>\n\t\t\t<dt class='gallery-icon landscape'>\n\t\t\t\t<a href='https:\/\/zlotnikiwies.suchylas.pl\/?attachment_id=254'><img loading=\"lazy\" decoding=\"async\" width=\"150\" height=\"150\" src=\"https:\/\/zlotnikiwies.suchylas.pl\/wp-content\/uploads\/2015\/05\/\u0141abadz_www-150x150.png\" class=\"attachment-thumbnail size-thumbnail\" alt=\"\" srcset=\"https:\/\/zlotnikiwies.suchylas.pl\/wp-content\/uploads\/2015\/05\/\u0141abadz_www-150x150.png 150w, https:\/\/zlotnikiwies.suchylas.pl\/wp-content\/uploads\/2015\/05\/\u0141abadz_www-50x50.png 50w\" sizes=\"(max-width: 150px) 100vw, 150px\" \/><\/a>\n\t\t\t<\/dt><\/dl><dl class='gallery-item'>\n\t\t\t<dt class='gallery-icon landscape'>\n\t\t\t\t<a href='https:\/\/zlotnikiwies.suchylas.pl\/?attachment_id=249'><img loading=\"lazy\" decoding=\"async\" width=\"150\" height=\"150\" src=\"https:\/\/zlotnikiwies.suchylas.pl\/wp-content\/uploads\/2015\/05\/Droga_www-150x150.png\" class=\"attachment-thumbnail size-thumbnail\" alt=\"\" srcset=\"https:\/\/zlotnikiwies.suchylas.pl\/wp-content\/uploads\/2015\/05\/Droga_www-150x150.png 150w, https:\/\/zlotnikiwies.suchylas.pl\/wp-content\/uploads\/2015\/05\/Droga_www-50x50.png 50w\" sizes=\"(max-width: 150px) 100vw, 150px\" \/><\/a>\n\t\t\t<\/dt><\/dl><br style=\"clear: both\" \/><dl class='gallery-item'>\n\t\t\t<dt class='gallery-icon landscape'>\n\t\t\t\t<a href='https:\/\/zlotnikiwies.suchylas.pl\/?attachment_id=253'><img loading=\"lazy\" decoding=\"async\" width=\"150\" height=\"150\" src=\"https:\/\/zlotnikiwies.suchylas.pl\/wp-content\/uploads\/2015\/05\/Pszczo\u0142a_www-150x150.png\" class=\"attachment-thumbnail size-thumbnail\" alt=\"\" srcset=\"https:\/\/zlotnikiwies.suchylas.pl\/wp-content\/uploads\/2015\/05\/Pszczo\u0142a_www-150x150.png 150w, https:\/\/zlotnikiwies.suchylas.pl\/wp-content\/uploads\/2015\/05\/Pszczo\u0142a_www-50x50.png 50w\" sizes=\"(max-width: 150px) 100vw, 150px\" \/><\/a>\n\t\t\t<\/dt><\/dl><dl class='gallery-item'>\n\t\t\t<dt class='gallery-icon landscape'>\n\t\t\t\t<a href='https:\/\/zlotnikiwies.suchylas.pl\/?attachment_id=252'><img loading=\"lazy\" decoding=\"async\" width=\"150\" height=\"150\" src=\"https:\/\/zlotnikiwies.suchylas.pl\/wp-content\/uploads\/2015\/05\/Droga_jesie\u0144_www-150x150.png\" class=\"attachment-thumbnail size-thumbnail\" alt=\"\" srcset=\"https:\/\/zlotnikiwies.suchylas.pl\/wp-content\/uploads\/2015\/05\/Droga_jesie\u0144_www-150x150.png 150w, https:\/\/zlotnikiwies.suchylas.pl\/wp-content\/uploads\/2015\/05\/Droga_jesie\u0144_www-50x50.png 50w\" sizes=\"(max-width: 150px) 100vw, 150px\" \/><\/a>\n\t\t\t<\/dt><\/dl>\n\t\t\t<br style='clear: both' \/>\n\t\t<\/div>\n\n","protected":false},"excerpt":{"rendered":"<p>Z\u0141OTNIKI PO\u0141O\u017bENIE GEOGRAFICZNE: Z\u0142otniki znajduj\u0105 si\u0119 w po\u0142udniowo-zachodniej cz\u0119\u015bci Gminy Suchy Las. Wed\u0142ug podzia\u0142u na regiony fizyczno-geograficzne Z\u0142otniki le\u017c\u0105 w zasi\u0119gu makroregionu Pojezierza Wielkopolskiego. Na rze\u017ab\u0119 terenu mia\u0142 wp\u0142yw l\u0105dol\u00f3d skandynawski i jego wody roztopowe. Jego oddzia\u0142ywanie wykszta\u0142ci\u0142o liczne pag\u00f3rki i wzniesienia. Wi\u0119kszo\u015b\u0107 Liczn\u0105 powierzchni\u0119 gminy to tereny pag\u00f3rkowate powy\u017cej 100m n. p. m. HISTORIA: [&hellip;]<\/p>\n","protected":false},"author":2,"featured_media":0,"parent":0,"menu_order":0,"comment_status":"open","ping_status":"open","template":"","meta":{"footnotes":""},"class_list":["post-235","page","type-page","status-publish","hentry"],"_links":{"self":[{"href":"https:\/\/zlotnikiwies.suchylas.pl\/index.php?rest_route=\/wp\/v2\/pages\/235"}],"collection":[{"href":"https:\/\/zlotnikiwies.suchylas.pl\/index.php?rest_route=\/wp\/v2\/pages"}],"about":[{"href":"https:\/\/zlotnikiwies.suchylas.pl\/index.php?rest_route=\/wp\/v2\/types\/page"}],"author":[{"embeddable":true,"href":"https:\/\/zlotnikiwies.suchylas.pl\/index.php?rest_route=\/wp\/v2\/users\/2"}],"replies":[{"embeddable":true,"href":"https:\/\/zlotnikiwies.suchylas.pl\/index.php?rest_route=%2Fwp%2Fv2%2Fcomments&post=235"}],"version-history":[{"count":7,"href":"https:\/\/zlotnikiwies.suchylas.pl\/index.php?rest_route=\/wp\/v2\/pages\/235\/revisions"}],"predecessor-version":[{"id":281,"href":"https:\/\/zlotnikiwies.suchylas.pl\/index.php?rest_route=\/wp\/v2\/pages\/235\/revisions\/281"}],"wp:attachment":[{"href":"https:\/\/zlotnikiwies.suchylas.pl\/index.php?rest_route=%2Fwp%2Fv2%2Fmedia&parent=235"}],"curies":[{"name":"wp","href":"https:\/\/api.w.org\/{rel}","templated":true}]}}