{"id":202,"date":"2015-05-06T13:23:25","date_gmt":"2015-05-06T13:23:25","guid":{"rendered":"http:\/\/zlotnikiwies.suchylas.pl\/?page_id=202"},"modified":"2015-05-12T07:31:38","modified_gmt":"2015-05-12T07:31:38","slug":"czlonkowie-zarzadu-osiedla-biedrusko","status":"publish","type":"page","link":"https:\/\/zlotnikiwies.suchylas.pl\/?page_id=202","title":{"rendered":"Rada So\u0142ecka Z\u0142otniki Wie\u015b"},"content":{"rendered":"<p>1. Anita Mulczy\u0144ska<\/p>\n<p>2. Violetta Korek<\/p>\n<p>3. Rados\u0142aw \u015aron<\/p>\n<p>4. Ryszard Janasik<\/p>\n<p>5. Stanis\u0142aw Korek<\/p>\n","protected":false},"excerpt":{"rendered":"<p>1. Anita Mulczy\u0144ska 2. Violetta Korek 3. Rados\u0142aw \u015aron 4. Ryszard Janasik 5. Stanis\u0142aw Korek<\/p>\n","protected":false},"author":5,"featured_media":0,"parent":0,"menu_order":0,"comment_status":"open","ping_status":"open","template":"","meta":{"footnotes":""},"class_list":["post-202","page","type-page","status-publish","hentry"],"_links":{"self":[{"href":"https:\/\/zlotnikiwies.suchylas.pl\/index.php?rest_route=\/wp\/v2\/pages\/202"}],"collection":[{"href":"https:\/\/zlotnikiwies.suchylas.pl\/index.php?rest_route=\/wp\/v2\/pages"}],"about":[{"href":"https:\/\/zlotnikiwies.suchylas.pl\/index.php?rest_route=\/wp\/v2\/types\/page"}],"author":[{"embeddable":true,"href":"https:\/\/zlotnikiwies.suchylas.pl\/index.php?rest_route=\/wp\/v2\/users\/5"}],"replies":[{"embeddable":true,"href":"https:\/\/zlotnikiwies.suchylas.pl\/index.php?rest_route=%2Fwp%2Fv2%2Fcomments&post=202"}],"version-history":[{"count":4,"href":"https:\/\/zlotnikiwies.suchylas.pl\/index.php?rest_route=\/wp\/v2\/pages\/202\/revisions"}],"predecessor-version":[{"id":214,"href":"https:\/\/zlotnikiwies.suchylas.pl\/index.php?rest_route=\/wp\/v2\/pages\/202\/revisions\/214"}],"wp:attachment":[{"href":"https:\/\/zlotnikiwies.suchylas.pl\/index.php?rest_route=%2Fwp%2Fv2%2Fmedia&parent=202"}],"curies":[{"name":"wp","href":"https:\/\/api.w.org\/{rel}","templated":true}]}}