{"id":16,"date":"2013-08-21T08:56:26","date_gmt":"2013-08-21T08:56:26","guid":{"rendered":"http:\/\/suchy-las.eu\/?page_id=16"},"modified":"2015-05-12T07:25:47","modified_gmt":"2015-05-12T07:25:47","slug":"kontakt","status":"publish","type":"page","link":"https:\/\/zlotnikiwies.suchylas.pl\/?page_id=16","title":{"rendered":"Kontakt"},"content":{"rendered":"<p>So\u0142tys Z\u0142otniki &#8211; Wie\u015b<\/p>\n<p>Ewa Korek<\/p>\n<p>Z\u0142otniki ul. S\u0142oneczna 7\/13, 62-002 Suchy Las<\/p>\n<p>tel. 792666407<\/p>\n<p>e-mail <a href=\"mailto:przemyslawmajkowski@wp.pl\">ewa.korek@onet.pl<\/a><\/p>\n<p>&nbsp;<\/p>\n","protected":false},"excerpt":{"rendered":"<p>So\u0142tys Z\u0142otniki &#8211; Wie\u015b Ewa Korek Z\u0142otniki ul. S\u0142oneczna 7\/13, 62-002 Suchy Las tel. 792666407 e-mail ewa.korek@onet.pl &nbsp;<\/p>\n","protected":false},"author":5,"featured_media":0,"parent":0,"menu_order":0,"comment_status":"open","ping_status":"open","template":"","meta":{"footnotes":""},"class_list":["post-16","page","type-page","status-publish","hentry"],"_links":{"self":[{"href":"https:\/\/zlotnikiwies.suchylas.pl\/index.php?rest_route=\/wp\/v2\/pages\/16"}],"collection":[{"href":"https:\/\/zlotnikiwies.suchylas.pl\/index.php?rest_route=\/wp\/v2\/pages"}],"about":[{"href":"https:\/\/zlotnikiwies.suchylas.pl\/index.php?rest_route=\/wp\/v2\/types\/page"}],"author":[{"embeddable":true,"href":"https:\/\/zlotnikiwies.suchylas.pl\/index.php?rest_route=\/wp\/v2\/users\/5"}],"replies":[{"embeddable":true,"href":"https:\/\/zlotnikiwies.suchylas.pl\/index.php?rest_route=%2Fwp%2Fv2%2Fcomments&post=16"}],"version-history":[{"count":7,"href":"https:\/\/zlotnikiwies.suchylas.pl\/index.php?rest_route=\/wp\/v2\/pages\/16\/revisions"}],"predecessor-version":[{"id":210,"href":"https:\/\/zlotnikiwies.suchylas.pl\/index.php?rest_route=\/wp\/v2\/pages\/16\/revisions\/210"}],"wp:attachment":[{"href":"https:\/\/zlotnikiwies.suchylas.pl\/index.php?rest_route=%2Fwp%2Fv2%2Fmedia&parent=16"}],"curies":[{"name":"wp","href":"https:\/\/api.w.org\/{rel}","templated":true}]}}